{"id":1351,"date":"2025-08-15T14:19:08","date_gmt":"2025-08-15T14:19:08","guid":{"rendered":"https:\/\/tipografia.com.uy\/?page_id=1351"},"modified":"2025-08-15T14:24:50","modified_gmt":"2025-08-15T14:24:50","slug":"tipografia-2-ort","status":"publish","type":"page","link":"https:\/\/tipografia.com.uy\/index.php\/tipografia-2-ort\/","title":{"rendered":"Tipograf\u00eda 2 ORT"},"content":{"rendered":"[vc_row type=\u00bbin_container\u00bb full_screen_row_position=\u00bbmiddle\u00bb column_margin=\u00bbdefault\u00bb column_direction=\u00bbdefault\u00bb column_direction_tablet=\u00bbdefault\u00bb column_direction_phone=\u00bbdefault\u00bb scene_position=\u00bbcenter\u00bb bottom_padding=\u00bb40&#8243; bottom_margin=\u00bb0&#8243; text_color=\u00bbdark\u00bb text_align=\u00bbleft\u00bb row_border_radius=\u00bbnone\u00bb row_border_radius_applies=\u00bbbg\u00bb overflow=\u00bbvisible\u00bb overlay_strength=\u00bb0.3&#8243; gradient_direction=\u00bbleft_to_right\u00bb shape_divider_position=\u00bbbottom\u00bb bg_image_animation=\u00bbnone\u00bb gradient_type=\u00bbdefault\u00bb shape_type=\u00bb\u00bb][vc_column column_padding=\u00bbno-extra-padding\u00bb column_padding_tablet=\u00bbinherit\u00bb column_padding_phone=\u00bbinherit\u00bb column_padding_position=\u00bball\u00bb column_element_direction_desktop=\u00bbdefault\u00bb column_element_spacing=\u00bbdefault\u00bb desktop_text_alignment=\u00bbdefault\u00bb tablet_text_alignment=\u00bbdefault\u00bb phone_text_alignment=\u00bbdefault\u00bb background_color_opacity=\u00bb1&#8243; background_hover_color_opacity=\u00bb1&#8243; column_backdrop_filter=\u00bbnone\u00bb column_shadow=\u00bbnone\u00bb column_border_radius=\u00bbnone\u00bb column_link_target=\u00bb_self\u00bb column_position=\u00bbdefault\u00bb gradient_direction=\u00bbleft_to_right\u00bb overlay_strength=\u00bb0.3&#8243; width=\u00bb1\/2&#8243; tablet_width_inherit=\u00bbdefault\u00bb animation_type=\u00bbdefault\u00bb bg_image_animation=\u00bbnone\u00bb border_type=\u00bbsimple\u00bb column_border_width=\u00bbnone\u00bb column_border_style=\u00bbsolid\u00bb][vc_column_text css=\u00bb\u00bb text_direction=\u00bbdefault\u00bb]\n<h1>Tipograf\u00eda 2<\/h1>\n<p><strong>Facultad de Dise\u00f1o, Universidad ORT Uruguay<br \/>\nLic. en Dise\u00f1o Gr\u00e1fico | Tercer semestre<\/strong><\/p>\n<p>Esta asignatura profundiza en el estudio y pr\u00e1ctica del dise\u00f1o tipogr\u00e1fico, introduciendo al estudiante en los procesos de creaci\u00f3n de fuentes digitales. A partir de una base te\u00f3rico-pr\u00e1ctica, se promueve la comprensi\u00f3n de los aspectos fundamentales, fomentando el desarrollo conceptual y t\u00e9cnico en el dise\u00f1o tipogr\u00e1fico y su aplicaci\u00f3n en piezas gr\u00e1ficas.<\/p>\n<ul>\n<li><strong>Lecciones de aprendizaje:<\/strong><br \/>\nDominar los aspectos compositivos de la tipograf\u00eda en proyectos gr\u00e1ficos.<\/li>\n<li>Demostrar un nivel intermedio de refinamiento tipogr\u00e1fico, trabajando tanto en la macro como en la microtipograf\u00eda.<\/li>\n<li>Explorar procesos de an\u00e1lisis, conceptualizaci\u00f3n y creaci\u00f3n de estilos tipogr\u00e1ficos propios.<\/li>\n<\/ul>\n<p><strong>Metodolog\u00eda:<\/strong><br \/>\nEl curso se desarrolla a trav\u00e9s de clases te\u00f3rico-pr\u00e1cticas, con \u00e9nfasis en la comunicaci\u00f3n, an\u00e1lisis formal y producci\u00f3n. Se realizar\u00e1n trabajos individuales y grupales, integrando pr\u00e1cticas proyectuales con fundamentos hist\u00f3ricos y t\u00e9cnicos del dise\u00f1o tipogr\u00e1fico.<\/p>\n<p><strong>Contenidos principales:<\/strong><\/p>\n<ol>\n<li>Profundizaci\u00f3n del desarrollo hist\u00f3rico. \u00daltimas tendencias de la tipograf\u00eda.<\/li>\n<li>Microtipograf\u00eda. Retoque tipogr\u00e1fico, expresividad, contraforma y espaciado.<\/li>\n<li>Introducci\u00f3n al dise\u00f1o tipogr\u00e1fico. Etapas del proceso de creaci\u00f3n de una fuente.<\/li>\n<li>Dibujo digital. Historia de los entornos digitales. Uso inicial del software y principios de programaci\u00f3n de fuentes.<\/li>\n<li>Ajustes \u00f3pticos. Forma y contraforma de la letra, uni\u00f3n de trazos y el remate.<\/li>\n<li>Manejo del blanco. Profundizaci\u00f3n de los conceptos sobre espaciado, interl\u00ednea, kerning, etc.<\/li>\n<li>Legibilidad. \u00d3ptima y m\u00ednima legibilidad de un texto, sus componentes y sus l\u00edmites.<\/li>\n<li>Tipograf\u00eda y distintos soportes. Tipograf\u00eda en papel, en volumen y en pantalla.<\/li>\n<\/ol>\n<p>Contenido facilitado por Fernando D\u00edaz, docente de la asignatura[\/vc_column_text][\/vc_column][vc_column column_padding=\u00bbno-extra-padding\u00bb column_padding_tablet=\u00bbinherit\u00bb column_padding_phone=\u00bbinherit\u00bb column_padding_position=\u00bball\u00bb column_element_direction_desktop=\u00bbdefault\u00bb column_element_spacing=\u00bbdefault\u00bb desktop_text_alignment=\u00bbright\u00bb tablet_text_alignment=\u00bbdefault\u00bb phone_text_alignment=\u00bbdefault\u00bb background_color_opacity=\u00bb1&#8243; background_hover_color_opacity=\u00bb1&#8243; column_backdrop_filter=\u00bbnone\u00bb column_shadow=\u00bbnone\u00bb column_border_radius=\u00bbnone\u00bb column_link_target=\u00bb_self\u00bb column_position=\u00bbdefault\u00bb gradient_direction=\u00bbleft_to_right\u00bb overlay_strength=\u00bb0.3&#8243; width=\u00bb1\/2&#8243; tablet_width_inherit=\u00bbdefault\u00bb animation_type=\u00bbdefault\u00bb bg_image_animation=\u00bbnone\u00bb border_type=\u00bbsimple\u00bb column_border_width=\u00bbnone\u00bb column_border_style=\u00bbsolid\u00bb column_padding_type=\u00bbdefault\u00bb gradient_type=\u00bbdefault\u00bb][\/vc_column][\/vc_row]\n","protected":false},"excerpt":{"rendered":"<p>[vc_row type=\u00bbin_container\u00bb full_screen_row_position=\u00bbmiddle\u00bb column_margin=\u00bbdefault\u00bb column_direction=\u00bbdefault\u00bb column_direction_tablet=\u00bbdefault\u00bb column_direction_phone=\u00bbdefault\u00bb scene_position=\u00bbcenter\u00bb bottom_padding=\u00bb40&#8243; bottom_margin=\u00bb0&#8243; text_color=\u00bbdark\u00bb text_align=\u00bbleft\u00bb row_border_radius=\u00bbnone\u00bb row_border_radius_applies=\u00bbbg\u00bb overflow=\u00bbvisible\u00bb overlay_strength=\u00bb0.3&#8243; gradient_direction=\u00bbleft_to_right\u00bb shape_divider_position=\u00bbbottom\u00bb bg_image_animation=\u00bbnone\u00bb gradient_type=\u00bbdefault\u00bb shape_type=\u00bb\u00bb][vc_column column_padding=\u00bbno-extra-padding\u00bb column_padding_tablet=\u00bbinherit\u00bb column_padding_phone=\u00bbinherit\u00bb column_padding_position=\u00bball\u00bb column_element_direction_desktop=\u00bbdefault\u00bb column_element_spacing=\u00bbdefault\u00bb desktop_text_alignment=\u00bbdefault\u00bb tablet_text_alignment=\u00bbdefault\u00bb phone_text_alignment=\u00bbdefault\u00bb&#8230;<\/p>\n","protected":false},"author":2,"featured_media":0,"parent":0,"menu_order":0,"comment_status":"closed","ping_status":"closed","template":"","meta":{"footnotes":""},"class_list":["post-1351","page","type-page","status-publish"],"_links":{"self":[{"href":"https:\/\/tipografia.com.uy\/index.php\/wp-json\/wp\/v2\/pages\/1351","targetHints":{"allow":["GET"]}}],"collection":[{"href":"https:\/\/tipografia.com.uy\/index.php\/wp-json\/wp\/v2\/pages"}],"about":[{"href":"https:\/\/tipografia.com.uy\/index.php\/wp-json\/wp\/v2\/types\/page"}],"author":[{"embeddable":true,"href":"https:\/\/tipografia.com.uy\/index.php\/wp-json\/wp\/v2\/users\/2"}],"replies":[{"embeddable":true,"href":"https:\/\/tipografia.com.uy\/index.php\/wp-json\/wp\/v2\/comments?post=1351"}],"version-history":[{"count":2,"href":"https:\/\/tipografia.com.uy\/index.php\/wp-json\/wp\/v2\/pages\/1351\/revisions"}],"predecessor-version":[{"id":1354,"href":"https:\/\/tipografia.com.uy\/index.php\/wp-json\/wp\/v2\/pages\/1351\/revisions\/1354"}],"wp:attachment":[{"href":"https:\/\/tipografia.com.uy\/index.php\/wp-json\/wp\/v2\/media?parent=1351"}],"curies":[{"name":"wp","href":"https:\/\/api.w.org\/{rel}","templated":true}]}}