{"id":177,"date":"2025-05-29T15:00:05","date_gmt":"2025-05-29T15:00:05","guid":{"rendered":"https:\/\/tipografia.com.uy\/?page_id=177"},"modified":"2025-06-26T16:23:20","modified_gmt":"2025-06-26T16:23:20","slug":"proyecto","status":"publish","type":"page","link":"https:\/\/tipografia.com.uy\/index.php\/proyecto\/","title":{"rendered":"Proyecto"},"content":{"rendered":"[vc_row type=\u00bbin_container\u00bb full_screen_row_position=\u00bbmiddle\u00bb column_margin=\u00bbdefault\u00bb column_direction=\u00bbdefault\u00bb column_direction_tablet=\u00bbdefault\u00bb column_direction_phone=\u00bbdefault\u00bb scene_position=\u00bbcenter\u00bb bottom_padding=\u00bb40&#8243; bottom_margin=\u00bb0&#8243; text_color=\u00bbdark\u00bb text_align=\u00bbleft\u00bb row_border_radius=\u00bbnone\u00bb row_border_radius_applies=\u00bbbg\u00bb overflow=\u00bbvisible\u00bb overlay_strength=\u00bb0.3&#8243; gradient_direction=\u00bbleft_to_right\u00bb shape_divider_position=\u00bbbottom\u00bb bg_image_animation=\u00bbnone\u00bb gradient_type=\u00bbdefault\u00bb shape_type=\u00bb\u00bb][vc_column column_padding=\u00bbno-extra-padding\u00bb column_padding_tablet=\u00bbinherit\u00bb column_padding_phone=\u00bbinherit\u00bb column_padding_position=\u00bball\u00bb column_element_direction_desktop=\u00bbdefault\u00bb column_element_spacing=\u00bbdefault\u00bb desktop_text_alignment=\u00bbdefault\u00bb tablet_text_alignment=\u00bbdefault\u00bb phone_text_alignment=\u00bbdefault\u00bb background_color_opacity=\u00bb1&#8243; background_hover_color_opacity=\u00bb1&#8243; column_backdrop_filter=\u00bbnone\u00bb column_shadow=\u00bbnone\u00bb column_border_radius=\u00bbnone\u00bb column_link_target=\u00bb_self\u00bb column_position=\u00bbdefault\u00bb gradient_direction=\u00bbleft_to_right\u00bb overlay_strength=\u00bb0.3&#8243; width=\u00bb1\/2&#8243; tablet_width_inherit=\u00bbdefault\u00bb animation_type=\u00bbdefault\u00bb bg_image_animation=\u00bbnone\u00bb border_type=\u00bbsimple\u00bb column_border_width=\u00bbnone\u00bb column_border_style=\u00bbsolid\u00bb][image_with_animation image_url=\u00bb179&#8243; image_size=\u00bbfull\u00bb animation_type=\u00bbentrance\u00bb animation=\u00bbNone\u00bb animation_movement_type=\u00bbtransform_y\u00bb hover_animation=\u00bbnone\u00bb alignment=\u00bb\u00bb border_radius=\u00bbnone\u00bb box_shadow=\u00bbnone\u00bb image_loading=\u00bbdefault\u00bb max_width=\u00bb100%\u00bb max_width_mobile=\u00bbdefault\u00bb][vc_column_text css=\u00bb\u00bb text_direction=\u00bbdefault\u00bb]\n<h2>Qu\u00e9 es tipografia.com.uy<\/h2>\n<p>Es un directorio para accesibilizar la informaci\u00f3n \u2014de forma transparente y abierta\u2014 referida a la producci\u00f3n tipogr\u00e1fica nacional.<\/p>\n<p>La tipograf\u00eda puede concebirse desde varios \u00e1ngulos, ya sea como un hecho cultural, acad\u00e9mico, como una industria creativa o como emprendimiento comercial, y se manifiesta de diversas formas: tipograf\u00edas, publicaciones, investigaciones, conferencias, talleres, etc\u00e9tera; esta diversidad de abordajes, junto con el crecimiento sostenido que la disciplina ha tenido en los \u00faltimos 20 a\u00f1os, impone la necesidad de organizar y ordenar la informaci\u00f3n como v\u00eda para promover y definir a\u00fan m\u00e1s su desarrollo.<\/p>\n<h2>Qui\u00e9nes pueden participar<\/h2>\n<p>El espacio est\u00e1 abierto para la participaci\u00f3n de todas las personas que de un modo u otro se relacionan con la tipograf\u00eda, ya sea desde el dise\u00f1o, la producci\u00f3n, la reflexi\u00f3n, la investigaci\u00f3n, la difusi\u00f3n, la ense\u00f1anza, etc.<\/p>\n<p>Si quer\u00e9s participar sumando informaci\u00f3n sobre la producci\u00f3n tipogr\u00e1fica o bien dejar tu correo para que te contactemos cuando publiquemos novedades relevantes, cuando organicemos o difundamos actividades, utiliz\u00e1 el formulario de contacto.[\/vc_column_text][vc_column_text css=\u00bb\u00bb text_direction=\u00bbdefault\u00bb]\n<h2>La organizaci\u00f3n de la informaci\u00f3n<\/h2>\n<p>En 2013, con la publicaci\u00f3n de <a href=\"https:\/\/tipografia.com.uy\/index.php\/tipografia-latinoamericana\/\">Tipograf\u00eda latinoamericana<\/a>, un panorama actual y futuro , se propon\u00eda una metodolog\u00eda para el an\u00e1lisis de la evoluci\u00f3n tipogr\u00e1fica del pa\u00eds. All\u00ed se presentaban seis ejes, a saber: las personalidades, la historia, la educaci\u00f3n \u4e00entendida en sentido amplio, formal y no formal\u4e00, las tipograf\u00edas, comercializaci\u00f3n y uso de tipograf\u00edas y la planificaci\u00f3n de actividades futuras. Este espacio retoma parte de aquella propuesta y presenta la informaci\u00f3n organizada en \u00e1reas: tipograf\u00edas, fundiciones, tip\u00f3grafos y tip\u00f3grafas, docentes, publicaciones, actividades, investigaciones, formaci\u00f3n.<\/p>\n<h3>Tipograf\u00edas<\/h3>\n<p>Las tipograf\u00edas se clasifican bajo cuatro categor\u00edas: comercial, aquellas tipograf\u00edas de las que se puede adquirir una licencia comercial; libre, aquellas que se distribuyen bajo licencia de uso libre; acad\u00e9mica, aquellas producto de un ejercicio, evaluaci\u00f3n acad\u00e9mica o resultado de una instancia formaci\u00f3n, y a medida, aquellas que se han producido con un fin espec\u00edfico, por ejemplo de identidad.<\/p>\n<h3>Fundiciones<\/h3>\n<p>Los emprendimientos comerciales dedicados a la producci\u00f3n y distribuci\u00f3n de tipograf\u00edas llevados adelante por uruguayos.<\/p>\n<h3>Tip\u00f3grafos y tip\u00f3grafas<\/h3>\n<p>Las personas que desarrollan tipograf\u00edas, tanto como actividad profesional como aquellas que las han desarrollado en contextos acad\u00e9micos o particulares.<\/p>\n<h3>Docentes<\/h3>\n<p>Bajo esta categor\u00eda se relevar\u00e1n las personas que han llevado adelante cursos, talleres, asignaturas, etc\u00e9tera y que tienen como objetivo y\/o tem\u00e1tica necesaria el desarrollo de tipograf\u00edas, letrismo o caligraf\u00eda.<\/p>\n<h3>Publicaciones<\/h3>\n<p>Aqu\u00ed se registran las publicaciones, impresas o digitales, que tienen como tem\u00e1tica central la tipograf\u00eda, la caligraf\u00eda o el letrismo, ya sea en la totalidad de la obra o en alguno de sus cap\u00edtulos o apartados.<\/p>\n<h3>Actividades<\/h3>\n<p>Es el relevamiento de todas las actividades (salvo los cursos en cualquiera de sus modalidades) que tienen a la tipograf\u00eda y\/o la caligraf\u00eda y el letrismo como tema principal: conferencias, exposiciones.<\/p>\n<h3>Investigaciones<\/h3>\n<p>Las investigaciones concluidas o en curso que tengan como una de sus tem\u00e1ticas centrales lo tipogr\u00e1fico ser\u00e1n presentadas bajo esta categor\u00eda. Tambi\u00e9n se incluir\u00e1n bajo esta categorizaci\u00f3n las tesis de grado o posgrado que no han sido publicadas como edici\u00f3n comercial.<\/p>\n<h3>Formaci\u00f3n<\/h3>\n<p>Tanto las actividades formativas de car\u00e1cter oficial (asignaturas en el marco de las carreras de grado) como las no oficiales (talleres, cursos) vinculadas a lo tipogr\u00e1fico se presentar\u00e1n bajo esta categor\u00eda.<\/p>\n<h3>El registro hist\u00f3rico<\/h3>\n<p>Es fundamental reconstruir y documentar la historia de la tipograf\u00eda en Uruguay. Por eso, adem\u00e1s de registrar la producci\u00f3n actual, tambi\u00e9n relevaremos experiencias anteriores, este directorio funciona tambi\u00e9n como un archivo, recuperando el recorrido de esta disciplina.<\/p>\n<hr \/>\n<p>Coordinaci\u00f3n General: <strong>Vicente Lam\u00f3naca\/TipoType<\/strong><br \/>\nDise\u00f1o de experiencia e interfaz de usuario: <strong>Mart\u00edn Abud<\/strong><br \/>\nMaquetado HTML y CSS: <strong>Mart\u00edn Abud<\/strong><br \/>\nProgramaci\u00f3n: <strong>Andr\u00e9s Farinasso<\/strong><br \/>\nIlustraciones: <strong>Lautaro Hourcade<\/strong>[\/vc_column_text][\/vc_column][vc_column column_padding=\u00bbno-extra-padding\u00bb column_padding_tablet=\u00bbinherit\u00bb column_padding_phone=\u00bbinherit\u00bb column_padding_position=\u00bball\u00bb column_element_direction_desktop=\u00bbdefault\u00bb column_element_spacing=\u00bbdefault\u00bb desktop_text_alignment=\u00bbright\u00bb tablet_text_alignment=\u00bbdefault\u00bb phone_text_alignment=\u00bbdefault\u00bb background_color_opacity=\u00bb1&#8243; background_hover_color_opacity=\u00bb1&#8243; column_backdrop_filter=\u00bbnone\u00bb column_shadow=\u00bbnone\u00bb column_border_radius=\u00bbnone\u00bb column_link_target=\u00bb_self\u00bb column_position=\u00bbdefault\u00bb gradient_direction=\u00bbleft_to_right\u00bb overlay_strength=\u00bb0.3&#8243; width=\u00bb1\/2&#8243; tablet_width_inherit=\u00bbdefault\u00bb animation_type=\u00bbdefault\u00bb bg_image_animation=\u00bbnone\u00bb border_type=\u00bbsimple\u00bb column_border_width=\u00bbnone\u00bb column_border_style=\u00bbsolid\u00bb column_padding_type=\u00bbdefault\u00bb gradient_type=\u00bbdefault\u00bb][\/vc_column][\/vc_row]\n","protected":false},"excerpt":{"rendered":"<p>[vc_row type=\u00bbin_container\u00bb full_screen_row_position=\u00bbmiddle\u00bb column_margin=\u00bbdefault\u00bb column_direction=\u00bbdefault\u00bb column_direction_tablet=\u00bbdefault\u00bb column_direction_phone=\u00bbdefault\u00bb scene_position=\u00bbcenter\u00bb bottom_padding=\u00bb40&#8243; bottom_margin=\u00bb0&#8243; text_color=\u00bbdark\u00bb text_align=\u00bbleft\u00bb row_border_radius=\u00bbnone\u00bb row_border_radius_applies=\u00bbbg\u00bb overflow=\u00bbvisible\u00bb overlay_strength=\u00bb0.3&#8243; gradient_direction=\u00bbleft_to_right\u00bb shape_divider_position=\u00bbbottom\u00bb bg_image_animation=\u00bbnone\u00bb gradient_type=\u00bbdefault\u00bb shape_type=\u00bb\u00bb][vc_column column_padding=\u00bbno-extra-padding\u00bb column_padding_tablet=\u00bbinherit\u00bb column_padding_phone=\u00bbinherit\u00bb column_padding_position=\u00bball\u00bb column_element_direction_desktop=\u00bbdefault\u00bb column_element_spacing=\u00bbdefault\u00bb desktop_text_alignment=\u00bbdefault\u00bb tablet_text_alignment=\u00bbdefault\u00bb phone_text_alignment=\u00bbdefault\u00bb&#8230;<\/p>\n","protected":false},"author":1,"featured_media":0,"parent":0,"menu_order":0,"comment_status":"closed","ping_status":"closed","template":"","meta":{"footnotes":""},"class_list":["post-177","page","type-page","status-publish"],"_links":{"self":[{"href":"https:\/\/tipografia.com.uy\/index.php\/wp-json\/wp\/v2\/pages\/177","targetHints":{"allow":["GET"]}}],"collection":[{"href":"https:\/\/tipografia.com.uy\/index.php\/wp-json\/wp\/v2\/pages"}],"about":[{"href":"https:\/\/tipografia.com.uy\/index.php\/wp-json\/wp\/v2\/types\/page"}],"author":[{"embeddable":true,"href":"https:\/\/tipografia.com.uy\/index.php\/wp-json\/wp\/v2\/users\/1"}],"replies":[{"embeddable":true,"href":"https:\/\/tipografia.com.uy\/index.php\/wp-json\/wp\/v2\/comments?post=177"}],"version-history":[{"count":6,"href":"https:\/\/tipografia.com.uy\/index.php\/wp-json\/wp\/v2\/pages\/177\/revisions"}],"predecessor-version":[{"id":940,"href":"https:\/\/tipografia.com.uy\/index.php\/wp-json\/wp\/v2\/pages\/177\/revisions\/940"}],"wp:attachment":[{"href":"https:\/\/tipografia.com.uy\/index.php\/wp-json\/wp\/v2\/media?parent=177"}],"curies":[{"name":"wp","href":"https:\/\/api.w.org\/{rel}","templated":true}]}}