{"id":569,"date":"2025-06-22T20:55:24","date_gmt":"2025-06-22T20:55:24","guid":{"rendered":"https:\/\/tipografia.com.uy\/?page_id=569"},"modified":"2025-08-15T18:08:24","modified_gmt":"2025-08-15T18:08:24","slug":"formacion","status":"publish","type":"page","link":"https:\/\/tipografia.com.uy\/index.php\/formacion\/","title":{"rendered":"Formaci\u00f3n"},"content":{"rendered":"[vc_row type=\u00bbin_container\u00bb full_screen_row_position=\u00bbmiddle\u00bb column_margin=\u00bbdefault\u00bb column_direction=\u00bbdefault\u00bb column_direction_tablet=\u00bbdefault\u00bb column_direction_phone=\u00bbdefault\u00bb scene_position=\u00bbcenter\u00bb bottom_padding=\u00bb40&#8243; bottom_margin=\u00bb0&#8243; text_color=\u00bbdark\u00bb text_align=\u00bbleft\u00bb row_border_radius=\u00bbnone\u00bb row_border_radius_applies=\u00bbbg\u00bb overflow=\u00bbvisible\u00bb overlay_strength=\u00bb0.3&#8243; gradient_direction=\u00bbleft_to_right\u00bb shape_divider_position=\u00bbbottom\u00bb bg_image_animation=\u00bbnone\u00bb gradient_type=\u00bbdefault\u00bb shape_type=\u00bb\u00bb][vc_column column_padding=\u00bbno-extra-padding\u00bb column_padding_tablet=\u00bbinherit\u00bb column_padding_phone=\u00bbinherit\u00bb column_padding_position=\u00bball\u00bb column_element_direction_desktop=\u00bbdefault\u00bb column_element_spacing=\u00bbdefault\u00bb desktop_text_alignment=\u00bbdefault\u00bb tablet_text_alignment=\u00bbdefault\u00bb phone_text_alignment=\u00bbdefault\u00bb background_color_opacity=\u00bb1&#8243; background_hover_color_opacity=\u00bb1&#8243; column_backdrop_filter=\u00bbnone\u00bb column_shadow=\u00bbnone\u00bb column_border_radius=\u00bbnone\u00bb column_link_target=\u00bb_self\u00bb column_position=\u00bbdefault\u00bb gradient_direction=\u00bbleft_to_right\u00bb overlay_strength=\u00bb0.3&#8243; width=\u00bb1\/2&#8243; tablet_width_inherit=\u00bbdefault\u00bb animation_type=\u00bbdefault\u00bb bg_image_animation=\u00bbnone\u00bb border_type=\u00bbsimple\u00bb column_border_width=\u00bbnone\u00bb column_border_style=\u00bbsolid\u00bb][vc_column_text css=\u00bb\u00bb text_direction=\u00bbdefault\u00bb]\n<h1>Formaci\u00f3n tipogr\u00e1fica<\/h1>\n<p>&nbsp;<\/p>\n<h2>Asignaturas en carreras terciarias<\/h2>\n<p>En estas asignaturas se estudia la creaci\u00f3n tipogr\u00e1fica digital.<\/p>\n<hr \/>\n<h2>&gt; Tipograf\u00eda 4 (Udelar)<\/h2>\n<p><strong>Licenciatura en Dise\u00f1o de Comunicaci\u00f3n Visual \/ Facultad de Arquitectura Dise\u00f1o y Urbanismo. Sexto semestre.<\/strong><\/p>\n<p>Proyecto <a href=\"https:\/\/www.estudiantes.csic.edu.uy\/2022\/05\/27\/repositorio-experimental-proyectos-tipograficos-y-procesos-de-diseno-en-el-marcodel-taller-tipografia-4\/\" target=\"_blank\" rel=\"noopener\">Repotipo<\/a> | <a href=\"https:\/\/repotipo.fadu.edu.uy\/\" target=\"_blank\" rel=\"noopener\">Repositorio<\/a><\/p>\n<hr \/>\n<h2>&gt; Tipograf\u00eda 2 (Universidad ORT)<\/h2>\n<p><strong>Licenciatura en Dise\u00f1o Gr\u00e1fico \/ Facultad de Dise\u00f1o. Tercer semestre.<\/strong><\/p>\n<p>Temario: <a href=\"https:\/\/tipografia.com.uy\/index.php\/tipografia-2-ort\/\">Tipograf\u00eda 2<\/a><\/p>\n<hr \/>\n<p>&nbsp;<\/p>\n<h2>Formaci\u00f3n en talleres<\/h2>\n<p>En estos talleres se dictan cursos vinculados a la impresi\u00f3n tipogr\u00e1fica o la caligraf\u00eda y el letrismo.<\/p>\n<hr \/>\n<p>&gt; Taller <strong><a href=\"https:\/\/tipografia.com.uy\/index.php\/2025\/06\/03\/buena-letra\/\">Buena Letra<\/a><\/strong><\/p>\n<hr \/>\n<p>&gt; Taller <strong><a href=\"https:\/\/tipografia.com.uy\/index.php\/2025\/07\/02\/caja-baja\/\">Caja Baja<\/a><\/strong><\/p>\n<hr \/>\n[\/vc_column_text][\/vc_column][vc_column column_padding=\u00bbno-extra-padding\u00bb column_padding_tablet=\u00bbinherit\u00bb column_padding_phone=\u00bbinherit\u00bb column_padding_position=\u00bball\u00bb column_element_direction_desktop=\u00bbdefault\u00bb column_element_spacing=\u00bbdefault\u00bb desktop_text_alignment=\u00bbright\u00bb tablet_text_alignment=\u00bbdefault\u00bb phone_text_alignment=\u00bbdefault\u00bb background_color_opacity=\u00bb1&#8243; background_hover_color_opacity=\u00bb1&#8243; column_backdrop_filter=\u00bbnone\u00bb column_shadow=\u00bbnone\u00bb column_border_radius=\u00bbnone\u00bb column_link_target=\u00bb_self\u00bb column_position=\u00bbdefault\u00bb gradient_direction=\u00bbleft_to_right\u00bb overlay_strength=\u00bb0.3&#8243; width=\u00bb1\/2&#8243; tablet_width_inherit=\u00bbdefault\u00bb animation_type=\u00bbdefault\u00bb bg_image_animation=\u00bbnone\u00bb border_type=\u00bbsimple\u00bb column_border_width=\u00bbnone\u00bb column_border_style=\u00bbsolid\u00bb column_padding_type=\u00bbdefault\u00bb gradient_type=\u00bbdefault\u00bb][\/vc_column][\/vc_row]\n","protected":false},"excerpt":{"rendered":"<p>[vc_row type=\u00bbin_container\u00bb full_screen_row_position=\u00bbmiddle\u00bb column_margin=\u00bbdefault\u00bb column_direction=\u00bbdefault\u00bb column_direction_tablet=\u00bbdefault\u00bb column_direction_phone=\u00bbdefault\u00bb scene_position=\u00bbcenter\u00bb bottom_padding=\u00bb40&#8243; bottom_margin=\u00bb0&#8243; text_color=\u00bbdark\u00bb text_align=\u00bbleft\u00bb row_border_radius=\u00bbnone\u00bb row_border_radius_applies=\u00bbbg\u00bb overflow=\u00bbvisible\u00bb overlay_strength=\u00bb0.3&#8243; gradient_direction=\u00bbleft_to_right\u00bb shape_divider_position=\u00bbbottom\u00bb bg_image_animation=\u00bbnone\u00bb gradient_type=\u00bbdefault\u00bb shape_type=\u00bb\u00bb][vc_column column_padding=\u00bbno-extra-padding\u00bb column_padding_tablet=\u00bbinherit\u00bb column_padding_phone=\u00bbinherit\u00bb column_padding_position=\u00bball\u00bb column_element_direction_desktop=\u00bbdefault\u00bb column_element_spacing=\u00bbdefault\u00bb desktop_text_alignment=\u00bbdefault\u00bb tablet_text_alignment=\u00bbdefault\u00bb phone_text_alignment=\u00bbdefault\u00bb&#8230;<\/p>\n","protected":false},"author":2,"featured_media":0,"parent":0,"menu_order":0,"comment_status":"closed","ping_status":"closed","template":"","meta":{"footnotes":""},"class_list":["post-569","page","type-page","status-publish"],"_links":{"self":[{"href":"https:\/\/tipografia.com.uy\/index.php\/wp-json\/wp\/v2\/pages\/569","targetHints":{"allow":["GET"]}}],"collection":[{"href":"https:\/\/tipografia.com.uy\/index.php\/wp-json\/wp\/v2\/pages"}],"about":[{"href":"https:\/\/tipografia.com.uy\/index.php\/wp-json\/wp\/v2\/types\/page"}],"author":[{"embeddable":true,"href":"https:\/\/tipografia.com.uy\/index.php\/wp-json\/wp\/v2\/users\/2"}],"replies":[{"embeddable":true,"href":"https:\/\/tipografia.com.uy\/index.php\/wp-json\/wp\/v2\/comments?post=569"}],"version-history":[{"count":24,"href":"https:\/\/tipografia.com.uy\/index.php\/wp-json\/wp\/v2\/pages\/569\/revisions"}],"predecessor-version":[{"id":1381,"href":"https:\/\/tipografia.com.uy\/index.php\/wp-json\/wp\/v2\/pages\/569\/revisions\/1381"}],"wp:attachment":[{"href":"https:\/\/tipografia.com.uy\/index.php\/wp-json\/wp\/v2\/media?parent=569"}],"curies":[{"name":"wp","href":"https:\/\/api.w.org\/{rel}","templated":true}]}}